{"id":1515,"date":"2020-02-28T10:41:56","date_gmt":"2020-02-28T08:41:56","guid":{"rendered":"https:\/\/biofabrikas.lt\/?post_type=product&#038;p=1515"},"modified":"2024-10-17T01:38:03","modified_gmt":"2024-10-16T22:38:03","slug":"pasarai-ekologines-gamybos-ukiams","status":"publish","type":"product","link":"https:\/\/biofabrikas.lt\/lv\/produktai\/pasarai-ekologines-gamybos-ukiams\/","title":{"rendered":"PA\u0160ARAI EKOLOGIN\u0116S GAMYBOS \u016aKIAMS"},"content":{"rendered":"<p>&nbsp;<\/p>\n<p>&nbsp;<\/p>\n","protected":false},"excerpt":{"rendered":"<p><strong>Tinkami naudoti ekologin\u0117s gamybos \u016bkiuose. Sertifikuoti V\u0161\u012e \u201eEKOAGROS\u201c.<\/strong><\/p>\n<p>Mineraliniai vitamininiai papildai.<\/p>\n<p>Fasuojami po 25kg \u012f mai\u0161us.<\/p>\n<p>Galite greitai ir lengvai \u012fsigyti UAB Biofabrikas elektronin\u0117je parduotuv\u0117je. Nemokamas pristatymas nuo 55 \u20ac.<\/p>\n<p><a href=\"https:\/\/parduotuve.biofabrikas.lt\/collections\/ekologiniams-ukiams\"><img decoding=\"async\" class=\"alignnone size-full wp-image-1104\" src=\"https:\/\/biofabrikas.lt\/wp-content\/uploads\/2020\/02\/parduotuve.png\" alt=\"\" width=\"138\" height=\"31\" \/><\/a><\/p>\n<p>&nbsp;<\/p>\n","protected":false},"featured_media":1379,"template":"","meta":[],"product_cat":[15],"product_tag":[],"_links":{"self":[{"href":"https:\/\/biofabrikas.lt\/lv\/wp-json\/wp\/v2\/product\/1515"}],"collection":[{"href":"https:\/\/biofabrikas.lt\/lv\/wp-json\/wp\/v2\/product"}],"about":[{"href":"https:\/\/biofabrikas.lt\/lv\/wp-json\/wp\/v2\/types\/product"}],"wp:featuredmedia":[{"embeddable":true,"href":"https:\/\/biofabrikas.lt\/lv\/wp-json\/wp\/v2\/media\/1379"}],"wp:attachment":[{"href":"https:\/\/biofabrikas.lt\/lv\/wp-json\/wp\/v2\/media?parent=1515"}],"wp:term":[{"taxonomy":"product_cat","embeddable":true,"href":"https:\/\/biofabrikas.lt\/lv\/wp-json\/wp\/v2\/product_cat?post=1515"},{"taxonomy":"product_tag","embeddable":true,"href":"https:\/\/biofabrikas.lt\/lv\/wp-json\/wp\/v2\/product_tag?post=1515"}],"curies":[{"name":"wp","href":"https:\/\/api.w.org\/{rel}","templated":true}]}}