{"id":2373,"date":"2024-06-07T11:24:56","date_gmt":"2024-06-07T08:24:56","guid":{"rendered":"https:\/\/biofabrikas.lt\/?post_type=product&#038;p=2373"},"modified":"2024-10-17T01:30:22","modified_gmt":"2024-10-16T22:30:22","slug":"laizomieji-papildai-ekologiniams-ukiams-kopija","status":"publish","type":"product","link":"https:\/\/biofabrikas.lt\/lv\/produktai\/laizomieji-papildai-ekologiniams-ukiams-kopija\/","title":{"rendered":"LAI\u017dOMIEJI MINERALINIAI VITAMININIA PAPILDAI EKOLOGINIAMS \u016aKIAMS"},"content":{"rendered":"<p><strong>Ekologinei gamybai lai\u017eomieji papildai:<\/strong><\/p>\n<p><a href=\"https:\/\/parduotuve.biofabrikas.lt\/products\/laizomasis-mineralinis-vitamininis-papildas-melziamoms-karvems-ekologiniams-ukiams\">Lai\u017eomasis papildas skirtas mel\u017eiam\u0173 karvi\u0173 raciono papildymui<\/a>;<\/p>\n<p><a href=\"https:\/\/parduotuve.biofabrikas.lt\/products\/laizomasis-mineralinis-vitamininis-papildas-uztrukusioms-karvems\">Lai\u017eomasis papildas skirtas u\u017etr\u016bkusi\u0173 karvi\u0173 raciono papildymui<\/a>;<\/p>\n<p><a href=\"https:\/\/parduotuve.biofabrikas.lt\/products\/laizomasis-mineralinis-vitamininis-papildas-mesiniams-galvijams-nr-g-72e\">Lai\u017eomasis papildas skirtas m\u0117sini\u0173 galvij\u0173 raciono papildymui<\/a>;<\/p>\n<p><span style=\"font-size: 14px; font-weight: normal;\"><a href=\"https:\/\/parduotuve.biofabrikas.lt\/products\/laizomasis-vitamininio-mineralinio-papildo-briketas-galvijams-e-ekologiniams-ukiams\">Lai\u017eomasis vitamininio mineralinio papildo briketas galvij\u0173 raciono papildymu<\/a>i.<\/span><\/p>\n<p>Daugiau produkt\u0173 rasite m\u016bs\u0173 elektronin\u0117s parduotuv\u0117je:<\/p>\n<p><a href=\"https:\/\/parduotuve.biofabrikas.lt\/\"><img decoding=\"async\" class=\"alignnone size-full wp-image-1099\" src=\"https:\/\/biofabrikas.lt\/wp-content\/uploads\/2020\/02\/parduotuve.gif\" alt=\"\" width=\"138\" height=\"31\" \/><\/a><\/p>\n","protected":false},"excerpt":{"rendered":"<p><strong>Sertifikuoti V\u0161\u012e &#8220;Ekoagros&#8221; naudoti ekologin\u0117s gamybos \u016bkiuose.<\/strong><\/p>\n","protected":false},"featured_media":1324,"template":"","meta":[],"product_cat":[15],"product_tag":[],"_links":{"self":[{"href":"https:\/\/biofabrikas.lt\/lv\/wp-json\/wp\/v2\/product\/2373"}],"collection":[{"href":"https:\/\/biofabrikas.lt\/lv\/wp-json\/wp\/v2\/product"}],"about":[{"href":"https:\/\/biofabrikas.lt\/lv\/wp-json\/wp\/v2\/types\/product"}],"wp:featuredmedia":[{"embeddable":true,"href":"https:\/\/biofabrikas.lt\/lv\/wp-json\/wp\/v2\/media\/1324"}],"wp:attachment":[{"href":"https:\/\/biofabrikas.lt\/lv\/wp-json\/wp\/v2\/media?parent=2373"}],"wp:term":[{"taxonomy":"product_cat","embeddable":true,"href":"https:\/\/biofabrikas.lt\/lv\/wp-json\/wp\/v2\/product_cat?post=2373"},{"taxonomy":"product_tag","embeddable":true,"href":"https:\/\/biofabrikas.lt\/lv\/wp-json\/wp\/v2\/product_tag?post=2373"}],"curies":[{"name":"wp","href":"https:\/\/api.w.org\/{rel}","templated":true}]}}