{"id":728,"date":"2020-01-22T00:57:14","date_gmt":"2020-01-21T22:57:14","guid":{"rendered":"https:\/\/biofabrikas.lt\/gamyba\/"},"modified":"2025-04-28T23:03:17","modified_gmt":"2025-04-28T20:03:17","slug":"gamyba","status":"publish","type":"page","link":"https:\/\/biofabrikas.lt\/ru\/gamyba\/","title":{"rendered":"Gamyba"},"content":{"rendered":"\t\t<div data-elementor-type=\"wp-page\" data-elementor-id=\"728\" class=\"elementor elementor-728 elementor-635\">\n\t\t\t\t<div class=\"elementor-element elementor-element-4300486b e-flex e-con-boxed e-con e-parent\" data-id=\"4300486b\" data-element_type=\"container\">\n\t\t\t\t\t<div class=\"e-con-inner\">\n\t\t\t\t<div class=\"elementor-element elementor-element-30940bb6 elementor-widget elementor-widget-text-editor\" data-id=\"30940bb6\" data-element_type=\"widget\" data-widget_type=\"text-editor.default\">\n\t\t\t\t<div class=\"elementor-widget-container\">\n\t\t\t<style>\/*! elementor - v3.23.0 - 25-07-2024 *\/\n.elementor-widget-text-editor.elementor-drop-cap-view-stacked .elementor-drop-cap{background-color:#69727d;color:#fff}.elementor-widget-text-editor.elementor-drop-cap-view-framed .elementor-drop-cap{color:#69727d;border:3px solid;background-color:transparent}.elementor-widget-text-editor:not(.elementor-drop-cap-view-default) .elementor-drop-cap{margin-top:8px}.elementor-widget-text-editor:not(.elementor-drop-cap-view-default) .elementor-drop-cap-letter{width:1em;height:1em}.elementor-widget-text-editor .elementor-drop-cap{float:left;text-align:center;line-height:1;font-size:50px}.elementor-widget-text-editor .elementor-drop-cap-letter{display:inline-block}<\/style>\t\t\t\t<div><span style=\"color: #339966;\"><strong>UAB BIOFABRIKAS<\/strong><\/span> &#8212; pa\u0161ar\u0173 gaminimo \u012fmon\u0117, specializuojanti \u012fvairi\u0173 tip\u0173 pa\u0161ar\u0173 gamyboje, si\u016blo i\u0161skirtinius ir kokybi\u0161kus pa\u0161arus, pritaikytus klient\u0173 unikaliems poreikiams:<\/div>\n<div>\n<p><strong>1. Inovatyvus Dizainas ir Konsultacijos:<\/strong><\/p>\n<ul>\n<li>M\u016bs\u0173 patyrusi dizaino komanda, kuri\u0105 sudaro auk\u0161tos kvalifikacijos specialistai, sukurs j\u016bs\u0173 pa\u0161ar\u0173 unikal\u0173 dizain\u0105.<\/li>\n<li>Konsultacijos d\u0117l optimali\u0173 pa\u0161ar\u0173 recept\u016br\u0173 ir ingredient\u0173, atsi\u017evelgiant \u012f gyv\u016bn\u0173 reikalavimus ir klient\u0173 pageidavimus.<\/li>\n<\/ul>\n<p><strong>2. Auk\u0161tos Kokyb\u0117s Gamyba:<\/strong><\/p>\n<ul>\n<li>Moderni gamybos \u012franga ir technologijos u\u017etikrina auk\u0161\u010diausios kokyb\u0117s pa\u0161ar\u0173 gamyb\u0105.<\/li>\n<li>Galimyb\u0117 gaminant tiek masines partijas, tiek individualius u\u017esakymus, u\u017etikrinant klient\u0173 poreiki\u0173 tenkinim\u0105.<\/li>\n<li>Mineralini\u0173 vitaminini\u0173 papild\u0173 ir premiks\u0173 gamyba;<\/li>\n<li>Baltymini\u0173 mineralini\u0173&nbsp; vitaminini\u0173 papild\u0173 gamyba;<\/li>\n<li>Ekologin\u0117s gamybos \u016bkiams skirt\u0173 mineralini\u0173 vitaminini\u0173 papild\u0173 ir lai\u017eom\u0173j\u0173 papild\u0173 gamyba;<\/li>\n<li>Kombinuot\u0173j\u0173 pa\u0161ar\u0173 ir visaver\u010di\u0173 lesal\u0173 gamyba;<\/li>\n<li>Pa\u0161aro \u017euvims gamyba;<\/li>\n<li>Kraiko kat\u0117ms gamyba;<\/li>\n<li>Dietini\u0173 preparat\u0173 gamyba;<\/li>\n<li>Rodenticid\u0173 gamyba;<\/li><li>Guoliavie\u010di\u0173 pabarst\u0173 gamyba.<\/li>\n<\/ul>\n<p><strong>3. Specializuoti Pa\u0161arai Skirtingoms Gyv\u016bn\u0173 R\u016b\u0161ims:<\/strong><\/p>\n<ul>\n<li>Asortimentas apima specializuotus pa\u0161arus skirtingoms gyv\u016bn\u0173 r\u016b\u0161ims, \u012fskaitant pauk\u0161\u010dius, galvijus, kiaules ir kt.<\/li>\n<li>Konsultacijos d\u0117l pa\u0161ar\u0173 sud\u0117ties ir maistin\u0117s vert\u0117s, siekiant u\u017etikrinti gyv\u016bn\u0173 gerov\u0119 ir optimal\u0173 produktyvum\u0105.<\/li>\n<\/ul>\n<p><strong>4. Kruop\u0161\u010diai Parinktos \u017daliavos:<\/strong><\/p>\n<ul>\n<li>Bendradarbiaujame su patikimais tiek\u0117jais, pasirinkdami auk\u0161tos kokyb\u0117s \u017ealiavas.<\/li>\n<li>Nuolatin\u0117 \u017ealiav\u0173 kokyb\u0117s kontrol\u0117 u\u017etikrina, kad pa\u0161arai atitikt\u0173 grie\u017etus standartus.<\/li>\n<\/ul>\n<p><strong>5. Individualus Pritaikymas ir Paslaugos:<\/strong><\/p>\n<ul>\n<li>Galimyb\u0117 pritaikyti pa\u0161ar\u0173 recept\u016bras pagal kliento pageidavimus ir specifinius poreikius.<\/li>\n<li>Nuolatinis bendradarbiavimas su klientais leid\u017eia suprasti j\u0173 unikalius reikalavimus ir u\u017etikrinti optimal\u0173 paslaug\u0173 teikim\u0105.<\/li>\n<\/ul>\n<p><strong>6. Ekologi\u0161kumas ir Tvarumas:<\/strong><\/p>\n<ul>\n<li>\u012esipareigojimas naudoti tvarias ir ekologi\u0161kas gamybos praktikas.<\/li>\n<\/ul>\n<p><strong>7. Logistika ir Pristatymas:<\/strong><\/p>\n<ul>\n<li>Efektyvi logistika ir pristatymo organizavimas klientams, siekiant u\u017etikrinti laiku pristatomus pa\u0161arus.<\/li>\n<li>Profesionalios pakuot\u0117s, kurios saugo pa\u0161arus ir i\u0161laiko j\u0173 kokyb\u0119.<\/li>\n<\/ul>\n<p><strong>8. Kitos paslaugos:<\/strong><\/p>\n<ul>\n<li>Prekyba pa\u0161arin\u0117mis \u017ealiavomis;<\/li>\n<li>Veterinarin\u0117s prek\u0117s, dezinfekcijos, deratizacijos priemon\u0117s, pa\u0161ar\u0173 papildai, pieno pakaitalai, didmenin\u0117 ir ma\u017emenin\u0117 prekyba;<\/li>\n<li>Pa\u0161aro papildas atrajotojams -Kobalto tablet\u0117s;<\/li>\n<li>Gr\u016bd\u0173 supirkimas ir sand\u0117liavimas;<\/li>\n<li>Fasavimo &#8212; pakavimo paslaugos;<\/li>\n<\/ul>\n<p>M\u016bs\u0173 \u012fmon\u0117 siekia b\u016bti j\u016bs\u0173 patikimu partneriu pa\u0161ar\u0173 gamyboje, teikiant auk\u0161\u010diausios kokyb\u0117s ir inovatyvias paslaugas, kurios atitikt\u0173 ir vir\u0161yt\u0173 j\u016bs\u0173 l\u016bkes\u010dius.<\/p>\n<\/div>\t\t\t\t\t\t<\/div>\n\t\t\t\t<\/div>\n\t\t\t\t\t<\/div>\n\t\t\t\t<\/div>\n\t\t\t\t<\/div>\n\t\t","protected":false},"excerpt":{"rendered":"<p>UAB BIOFABRIKAS &#8212; pa\u0161ar\u0173 gaminimo \u012fmon\u0117, specializuojanti \u012fvairi\u0173 tip\u0173 pa\u0161ar\u0173 gamyboje, si\u016blo i\u0161skirtinius ir kokybi\u0161kus pa\u0161arus, pritaikytus klient\u0173 unikaliems poreikiams: 1. Inovatyvus Dizainas ir Konsultacijos: M\u016bs\u0173 patyrusi dizaino komanda, kuri\u0105 sudaro auk\u0161tos kvalifikacijos specialistai, sukurs j\u016bs\u0173 pa\u0161ar\u0173 unikal\u0173 dizain\u0105. Konsultacijos d\u0117l optimali\u0173 pa\u0161ar\u0173 recept\u016br\u0173 ir ingredient\u0173, atsi\u017evelgiant \u012f gyv\u016bn\u0173 reikalavimus ir klient\u0173 pageidavimus. 2. Auk\u0161tos&hellip;<\/p>\n","protected":false},"author":1,"featured_media":0,"parent":0,"menu_order":15,"comment_status":"closed","ping_status":"closed","template":"","meta":{"footnotes":""},"_links":{"self":[{"href":"https:\/\/biofabrikas.lt\/ru\/wp-json\/wp\/v2\/pages\/728"}],"collection":[{"href":"https:\/\/biofabrikas.lt\/ru\/wp-json\/wp\/v2\/pages"}],"about":[{"href":"https:\/\/biofabrikas.lt\/ru\/wp-json\/wp\/v2\/types\/page"}],"author":[{"embeddable":true,"href":"https:\/\/biofabrikas.lt\/ru\/wp-json\/wp\/v2\/users\/1"}],"replies":[{"embeddable":true,"href":"https:\/\/biofabrikas.lt\/ru\/wp-json\/wp\/v2\/comments?post=728"}],"version-history":[{"count":13,"href":"https:\/\/biofabrikas.lt\/ru\/wp-json\/wp\/v2\/pages\/728\/revisions"}],"predecessor-version":[{"id":2450,"href":"https:\/\/biofabrikas.lt\/ru\/wp-json\/wp\/v2\/pages\/728\/revisions\/2450"}],"wp:attachment":[{"href":"https:\/\/biofabrikas.lt\/ru\/wp-json\/wp\/v2\/media?parent=728"}],"curies":[{"name":"wp","href":"https:\/\/api.w.org\/{rel}","templated":true}]}}