{"id":700,"date":"2019-01-23T15:23:22","date_gmt":"2019-01-23T15:23:22","guid":{"rendered":"https:\/\/biofabrikas.lt\/home\/"},"modified":"2024-07-05T01:51:49","modified_gmt":"2024-07-04T22:51:49","slug":"home","status":"publish","type":"page","link":"https:\/\/biofabrikas.lt\/sv\/","title":{"rendered":"Pa\u0161arai ir veterinarin\u0117s prek\u0117s vis\u0173 r\u016b\u0161i\u0173 gyv\u016bnams"},"content":{"rendered":"\t\t<div data-elementor-type=\"wp-page\" data-elementor-id=\"700\" class=\"elementor elementor-700 elementor-490\">\n\t\t\t\t<div class=\"elementor-element elementor-element-5032229c e-flex e-con-boxed e-con e-parent\" data-id=\"5032229c\" data-element_type=\"container\">\n\t\t\t\t\t<div class=\"e-con-inner\">\n\t\t\t\t<div class=\"elementor-element elementor-element-a7e5eb6 elementor-widget elementor-widget-image\" data-id=\"a7e5eb6\" data-element_type=\"widget\" data-widget_type=\"image.default\">\n\t\t\t\t<div class=\"elementor-widget-container\">\n\t\t\t<style>\/*! elementor - v3.23.0 - 25-07-2024 *\/\n.elementor-widget-image{text-align:center}.elementor-widget-image a{display:inline-block}.elementor-widget-image a img[src$=\".svg\"]{width:48px}.elementor-widget-image img{vertical-align:middle;display:inline-block}<\/style>\t\t\t\t\t\t\t\t\t\t\t<a href=\"https:\/\/parduotuve.biofabrikas.lt\/\">\n\t\t\t\t\t\t\t<img fetchpriority=\"high\" decoding=\"async\" width=\"2560\" height=\"1280\" src=\"https:\/\/biofabrikas.lt\/wp-content\/uploads\/2024\/04\/Biofabrikas_1-scaled.jpg\" class=\"attachment-full size-full wp-image-2194\" alt=\"\" srcset=\"https:\/\/biofabrikas.lt\/wp-content\/uploads\/2024\/04\/Biofabrikas_1-scaled.jpg 2560w, https:\/\/biofabrikas.lt\/wp-content\/uploads\/2024\/04\/Biofabrikas_1-300x150.jpg 300w, https:\/\/biofabrikas.lt\/wp-content\/uploads\/2024\/04\/Biofabrikas_1-scaled-600x300.jpg 600w, https:\/\/biofabrikas.lt\/wp-content\/uploads\/2024\/04\/Biofabrikas_1-1024x512.jpg 1024w, https:\/\/biofabrikas.lt\/wp-content\/uploads\/2024\/04\/Biofabrikas_1-768x384.jpg 768w, https:\/\/biofabrikas.lt\/wp-content\/uploads\/2024\/04\/Biofabrikas_1-1536x768.jpg 1536w, https:\/\/biofabrikas.lt\/wp-content\/uploads\/2024\/04\/Biofabrikas_1-2048x1024.jpg 2048w\" sizes=\"(max-width: 2560px) 100vw, 2560px\" \/>\t\t\t\t\t\t\t\t<\/a>\n\t\t\t\t\t\t\t\t\t\t\t\t\t<\/div>\n\t\t\t\t<\/div>\n\t\t\t\t<div class=\"elementor-element elementor-element-53d6448 elementor-button-success elementor-align-center elementor-widget elementor-widget-button\" data-id=\"53d6448\" data-element_type=\"widget\" data-widget_type=\"button.default\">\n\t\t\t\t<div class=\"elementor-widget-container\">\n\t\t\t\t\t<div class=\"elementor-button-wrapper\">\n\t\t\t<a class=\"elementor-button elementor-button-link elementor-size-md\" href=\"https:\/\/parduotuve.biofabrikas.lt\/\">\n\t\t\t\t\t\t<span class=\"elementor-button-content-wrapper\">\n\t\t\t\t\t\t\t\t\t<span class=\"elementor-button-text\">Eiti \u012f parduotuv\u0119<\/span>\n\t\t\t\t\t<\/span>\n\t\t\t\t\t<\/a>\n\t\t<\/div>\n\t\t\t\t<\/div>\n\t\t\t\t<\/div>\n\t\t\t\t<div class=\"elementor-element elementor-element-330ecf07 elementor-widget elementor-widget-text-editor\" data-id=\"330ecf07\" data-element_type=\"widget\" data-widget_type=\"text-editor.default\">\n\t\t\t\t<div class=\"elementor-widget-container\">\n\t\t\t<style>\/*! elementor - v3.23.0 - 25-07-2024 *\/\n.elementor-widget-text-editor.elementor-drop-cap-view-stacked .elementor-drop-cap{background-color:#69727d;color:#fff}.elementor-widget-text-editor.elementor-drop-cap-view-framed .elementor-drop-cap{color:#69727d;border:3px solid;background-color:transparent}.elementor-widget-text-editor:not(.elementor-drop-cap-view-default) .elementor-drop-cap{margin-top:8px}.elementor-widget-text-editor:not(.elementor-drop-cap-view-default) .elementor-drop-cap-letter{width:1em;height:1em}.elementor-widget-text-editor .elementor-drop-cap{float:left;text-align:center;line-height:1;font-size:50px}.elementor-widget-text-editor .elementor-drop-cap-letter{display:inline-block}<\/style>\t\t\t\t<p><span style=\"color: #339966;\"><strong>UAB Biofabrikas<\/strong><\/span> yra pa\u0161ar\u0173 gamybos \u012fmon\u0117, dedanti did\u017eiul\u012f akcent\u0105 \u012f auk\u0161t\u0105 produkt\u0173 kokyb\u0119 ir inovacijas. M\u016bs\u0173 komanda stengiasi ne tik patenkinti klient\u0173 poreikius, bet ir \u012fgyvendinti auk\u0161tus standartus pa\u0161ar\u0173 pramon\u0117je.<\/p><p><span style=\"color: #0000ff;\"><a style=\"color: #0000ff;\" href=\"https:\/\/biofabrikas.lt\/apie-mus\/\"><strong>Kokyb\u0117, \u012esipareigojimas Ir Inovacijos:<\/strong><\/a><\/span> M\u016bs\u0173 \u012fmon\u0117s pa\u0161arai yra sukuriami vadovaujantis grie\u017e\u010diausiais kokyb\u0117s standartais ir eti\u0161kumo principais. \u012esipareigojome gaminti ne tik efektyvius, bet ir sveikus pa\u0161arus, kurie atitikt\u0173 gyv\u016bn\u0173 poreikius. Be to, nuolat siekiame inovacij\u0173 ir naudojame pa\u017eangiausias technologijas gamybos procese.<\/p><p><span style=\"color: #0000ff;\"><a style=\"color: #0000ff;\" href=\"https:\/\/biofabrikas.lt\/produkcija\/\"><strong>Produkt\u0173 Asortimentas:<\/strong><\/a> <\/span>M\u016bs\u0173 pa\u0161ar\u0173 asortimentas yra \u012fvairus ir pritaikytas \u012fvairioms gyv\u016bn\u0173 r\u016b\u0161ims. Nuo specializuot\u0173 lesal\u0173 pauk\u0161\u010diams iki pa\u0161ar\u0173 galvijams \u2013 mes turime visko, ko j\u016bs\u0173 \u016bkio gyv\u016bnams bei gyv\u016bnams augintiniams gali prireikti. Kiekvienas m\u016bs\u0173 produktas yra kruop\u0161\u010diai sukurtas ir pagamintas, siekiant u\u017etikrinti auk\u0161t\u0105 maistin\u0119 vert\u0119.<\/p><p><span style=\"color: #0000ff;\"><strong><a style=\"color: #0000ff;\" href=\"https:\/\/biofabrikas.lt\/gamyba\/\">Paslaugos Ir Pritaikymas<\/a>:<\/strong><\/span> M\u016bs\u0173 \u012fmon\u0117 si\u016blo ne tik auk\u0161tos kokyb\u0117s produktus, bet ir individualizuotas paslaugas. Jei turite specifini\u0173 poreiki\u0173 ar pageidavim\u0173 d\u0117l pa\u0161ar\u0173 sud\u0117ties \u2013 mes esame \u010dia, kad jums pad\u0117tume. Mes stengiam\u0117s b\u016bti j\u016bs\u0173 patikimu partneriu \u016bkininkavimo srityje, teikiant tinkamiausias ir pritaikytas pa\u0161ar\u0173 paslaugas.<\/p><p><span style=\"color: #0000ff;\"><a style=\"color: #0000ff;\" href=\"https:\/\/biofabrikas.lt\/produktai\/pasarai-ekologines-gamybos-ukiams\/\"><strong>Tvarumas Ir Ekologija:<\/strong><\/a> <\/span>Mums r\u016bpi ne tik j\u016bs\u0173 gyv\u016bnai, bet ir aplinka. Tod\u0117l mes nuolat siekiame tvarumo ir ekologi\u0161kumo, naudodami draugi\u0161kas aplinkai gamybos praktikas ir atsakingai valdome \u017ealiav\u0173 tiekim\u0105.<\/p><p><span style=\"color: #0000ff;\"><a style=\"color: #0000ff;\" href=\"https:\/\/biofabrikas.lt\/kontaktai\/\"><strong>Susisiekite Su Mumis:<\/strong><\/a> <\/span>Jei turite klausim\u0173, pageidavim\u0173 ar tiesiog norite su\u017einoti daugiau apie m\u016bs\u0173 \u012fmon\u0119 \u2013 nedvejokite susisiekti su mumis. Mes esame \u010dia, kad jums pad\u0117tume ir suteiktume patikim\u0105 ir kokybi\u0161k\u0105 param\u0105.<\/p><p><span style=\"color: #339966;\"><strong>UAB Biofabrikas<\/strong><\/span> &#8211; pasitik\u0117kite mumis, pasirinkite auk\u0161t\u0105 kokyb\u0119 ir sveik\u0105 maist\u0105 savo gyv\u016bnams!<\/p>\t\t\t\t\t\t<\/div>\n\t\t\t\t<\/div>\n\t\t\t\t\t<\/div>\n\t\t\t\t<\/div>\n\t\t<div class=\"elementor-element elementor-element-a5220eb e-flex e-con-boxed e-con e-parent\" data-id=\"a5220eb\" data-element_type=\"container\">\n\t\t\t\t\t<div class=\"e-con-inner\">\n\t\t\t\t<div class=\"elementor-element elementor-element-9d225fb elementor-widget__width-inherit elementor-arrows-position-inside elementor-pagination-position-outside elementor-widget elementor-widget-image-carousel\" data-id=\"9d225fb\" data-element_type=\"widget\" data-settings=\"{&quot;navigation&quot;:&quot;both&quot;,&quot;autoplay&quot;:&quot;yes&quot;,&quot;pause_on_hover&quot;:&quot;yes&quot;,&quot;pause_on_interaction&quot;:&quot;yes&quot;,&quot;autoplay_speed&quot;:5000,&quot;infinite&quot;:&quot;yes&quot;,&quot;speed&quot;:500}\" data-widget_type=\"image-carousel.default\">\n\t\t\t\t<div class=\"elementor-widget-container\">\n\t\t\t<style>\/*! elementor - v3.23.0 - 25-07-2024 *\/\n.elementor-widget-image-carousel .swiper,.elementor-widget-image-carousel .swiper-container{position:static}.elementor-widget-image-carousel .swiper-container .swiper-slide figure,.elementor-widget-image-carousel .swiper .swiper-slide figure{line-height:inherit}.elementor-widget-image-carousel .swiper-slide{text-align:center}.elementor-image-carousel-wrapper:not(.swiper-container-initialized):not(.swiper-initialized) .swiper-slide{max-width:calc(100% \/ var(--e-image-carousel-slides-to-show, 3))}<\/style>\t\t<div class=\"elementor-image-carousel-wrapper swiper\" dir=\"ltr\">\n\t\t\t<div class=\"elementor-image-carousel swiper-wrapper\" aria-live=\"off\">\n\t\t\t\t\t\t\t\t<div class=\"swiper-slide\" role=\"group\" aria-roledescription=\"slide\" aria-label=\"1 av 7\"><figure class=\"swiper-slide-inner\"><img decoding=\"async\" class=\"swiper-slide-image\" src=\"https:\/\/biofabrikas.lt\/wp-content\/uploads\/2020\/02\/115-thickbox_default-150x150.jpg\" alt=\"Kraikas\" \/><\/figure><\/div><div class=\"swiper-slide\" role=\"group\" aria-roledescription=\"slide\" aria-label=\"2 av 7\"><figure class=\"swiper-slide-inner\"><img decoding=\"async\" class=\"swiper-slide-image\" src=\"https:\/\/biofabrikas.lt\/wp-content\/uploads\/2020\/02\/IMG_2948-OK_1-1-150x150.png\" alt=\"IMG_2948 OK_1\" \/><\/figure><\/div><div class=\"swiper-slide\" role=\"group\" aria-roledescription=\"slide\" aria-label=\"3 av 7\"><figure class=\"swiper-slide-inner\"><img decoding=\"async\" class=\"swiper-slide-image\" src=\"https:\/\/biofabrikas.lt\/wp-content\/uploads\/2020\/02\/3visaverciai-pasaru-maisai-1-150x150.jpg\" alt=\"3visaverciai pasaru maisai\" \/><\/figure><\/div><div class=\"swiper-slide\" role=\"group\" aria-roledescription=\"slide\" aria-label=\"4 av 7\"><figure class=\"swiper-slide-inner\"><img decoding=\"async\" class=\"swiper-slide-image\" src=\"https:\/\/biofabrikas.lt\/wp-content\/uploads\/2020\/02\/nuodai-sumazinti-150x150.png\" alt=\"nuodai sumazinti\" \/><\/figure><\/div><div class=\"swiper-slide\" role=\"group\" aria-roledescription=\"slide\" aria-label=\"5 av 7\"><figure class=\"swiper-slide-inner\"><img decoding=\"async\" class=\"swiper-slide-image\" src=\"https:\/\/biofabrikas.lt\/wp-content\/uploads\/2020\/02\/3zuvu-visavercio-pasaro-maisai-1-150x150.png\" alt=\"3zuvu visavercio pasaro maisai\" \/><\/figure><\/div><div class=\"swiper-slide\" role=\"group\" aria-roledescription=\"slide\" aria-label=\"6 av 7\"><figure class=\"swiper-slide-inner\"><img decoding=\"async\" class=\"swiper-slide-image\" src=\"https:\/\/biofabrikas.lt\/wp-content\/uploads\/2020\/02\/3-visaverciu-lesalu-maisai-1-150x150.jpg\" alt=\"3 visaverciu lesalu maisai\" \/><\/figure><\/div><div class=\"swiper-slide\" role=\"group\" aria-roledescription=\"slide\" aria-label=\"7 av 7\"><figure class=\"swiper-slide-inner\"><img decoding=\"async\" class=\"swiper-slide-image\" src=\"https:\/\/biofabrikas.lt\/wp-content\/uploads\/2020\/02\/4779021980443-150x150.jpg\" alt=\"4779021980443\" \/><\/figure><\/div>\t\t\t<\/div>\n\t\t\t\t\t\t\t\t\t\t\t\t<div class=\"elementor-swiper-button elementor-swiper-button-prev\" role=\"button\" tabindex=\"0\">\n\t\t\t\t\t\t<svg aria-hidden=\"true\" class=\"e-font-icon-svg e-eicon-chevron-left\" viewBox=\"0 0 1000 1000\" xmlns=\"http:\/\/www.w3.org\/2000\/svg\"><path d=\"M646 125C629 125 613 133 604 142L308 442C296 454 292 471 292 487 292 504 296 521 308 533L604 854C617 867 629 875 646 875 663 875 679 871 692 858 704 846 713 829 713 812 713 796 708 779 692 767L438 487 692 225C700 217 708 204 708 187 708 171 704 154 692 142 675 129 663 125 646 125Z\"><\/path><\/svg>\t\t\t\t\t<\/div>\n\t\t\t\t\t<div class=\"elementor-swiper-button elementor-swiper-button-next\" role=\"button\" tabindex=\"0\">\n\t\t\t\t\t\t<svg aria-hidden=\"true\" class=\"e-font-icon-svg e-eicon-chevron-right\" viewBox=\"0 0 1000 1000\" xmlns=\"http:\/\/www.w3.org\/2000\/svg\"><path d=\"M696 533C708 521 713 504 713 487 713 471 708 454 696 446L400 146C388 133 375 125 354 125 338 125 325 129 313 142 300 154 292 171 292 187 292 204 296 221 308 233L563 492 304 771C292 783 288 800 288 817 288 833 296 850 308 863 321 871 338 875 354 875 371 875 388 867 400 854L696 533Z\"><\/path><\/svg>\t\t\t\t\t<\/div>\n\t\t\t\t\n\t\t\t\t\t\t\t\t\t<div class=\"swiper-pagination\"><\/div>\n\t\t\t\t\t\t\t\t\t<\/div>\n\t\t\t\t<\/div>\n\t\t\t\t<\/div>\n\t\t<div class=\"elementor-element elementor-element-094a2e2 e-flex e-con-boxed e-con e-child\" data-id=\"094a2e2\" data-element_type=\"container\">\n\t\t\t\t\t<div class=\"e-con-inner\">\n\t\t\t\t\t<\/div>\n\t\t\t\t<\/div>\n\t\t<div class=\"elementor-element elementor-element-bcd6a38 e-flex e-con-boxed e-con e-child\" data-id=\"bcd6a38\" data-element_type=\"container\">\n\t\t\t\t\t<div class=\"e-con-inner\">\n\t\t\t\t\t<\/div>\n\t\t\t\t<\/div>\n\t\t\t\t\t<\/div>\n\t\t\t\t<\/div>\n\t\t\t\t<\/div>\n\t\t","protected":false},"excerpt":{"rendered":"<p>Eiti \u012f parduotuv\u0119 UAB Biofabrikas yra pa\u0161ar\u0173 gamybos \u012fmon\u0117, dedanti did\u017eiul\u012f akcent\u0105 \u012f auk\u0161t\u0105 produkt\u0173 kokyb\u0119 ir inovacijas. M\u016bs\u0173 komanda stengiasi ne tik patenkinti klient\u0173 poreikius, bet ir \u012fgyvendinti auk\u0161tus standartus pa\u0161ar\u0173 pramon\u0117je. Kokyb\u0117, \u012esipareigojimas Ir Inovacijos: M\u016bs\u0173 \u012fmon\u0117s pa\u0161arai yra sukuriami vadovaujantis grie\u017e\u010diausiais kokyb\u0117s standartais ir eti\u0161kumo principais. \u012esipareigojome gaminti ne tik efektyvius, bet&hellip;<\/p>\n","protected":false},"author":1,"featured_media":0,"parent":0,"menu_order":10,"comment_status":"closed","ping_status":"closed","template":"","meta":{"footnotes":""},"_links":{"self":[{"href":"https:\/\/biofabrikas.lt\/sv\/wp-json\/wp\/v2\/pages\/700"}],"collection":[{"href":"https:\/\/biofabrikas.lt\/sv\/wp-json\/wp\/v2\/pages"}],"about":[{"href":"https:\/\/biofabrikas.lt\/sv\/wp-json\/wp\/v2\/types\/page"}],"author":[{"embeddable":true,"href":"https:\/\/biofabrikas.lt\/sv\/wp-json\/wp\/v2\/users\/1"}],"replies":[{"embeddable":true,"href":"https:\/\/biofabrikas.lt\/sv\/wp-json\/wp\/v2\/comments?post=700"}],"version-history":[{"count":40,"href":"https:\/\/biofabrikas.lt\/sv\/wp-json\/wp\/v2\/pages\/700\/revisions"}],"predecessor-version":[{"id":2399,"href":"https:\/\/biofabrikas.lt\/sv\/wp-json\/wp\/v2\/pages\/700\/revisions\/2399"}],"wp:attachment":[{"href":"https:\/\/biofabrikas.lt\/sv\/wp-json\/wp\/v2\/media?parent=700"}],"curies":[{"name":"wp","href":"https:\/\/api.w.org\/{rel}","templated":true}]}}