{"id":737,"date":"2020-01-22T00:39:50","date_gmt":"2020-01-21T22:39:50","guid":{"rendered":"https:\/\/biofabrikas.lt\/bendradarbiavimas\/"},"modified":"2024-04-14T23:37:35","modified_gmt":"2024-04-14T20:37:35","slug":"bendradarbiavimas","status":"publish","type":"page","link":"https:\/\/biofabrikas.lt\/sv\/bendradarbiavimas\/","title":{"rendered":"Bendradarbiavimas"},"content":{"rendered":"\t\t<div data-elementor-type=\"wp-page\" data-elementor-id=\"737\" class=\"elementor elementor-737 elementor-625\">\n\t\t\t\t<div class=\"elementor-element elementor-element-73730872 e-flex e-con-boxed e-con e-parent\" data-id=\"73730872\" data-element_type=\"container\">\n\t\t\t\t\t<div class=\"e-con-inner\">\n\t\t\t\t<div class=\"elementor-element elementor-element-b56a408 elementor-widget elementor-widget-text-editor\" data-id=\"b56a408\" data-element_type=\"widget\" data-widget_type=\"text-editor.default\">\n\t\t\t\t<div class=\"elementor-widget-container\">\n\t\t\t<style>\/*! elementor - v3.23.0 - 25-07-2024 *\/\n.elementor-widget-text-editor.elementor-drop-cap-view-stacked .elementor-drop-cap{background-color:#69727d;color:#fff}.elementor-widget-text-editor.elementor-drop-cap-view-framed .elementor-drop-cap{color:#69727d;border:3px solid;background-color:transparent}.elementor-widget-text-editor:not(.elementor-drop-cap-view-default) .elementor-drop-cap{margin-top:8px}.elementor-widget-text-editor:not(.elementor-drop-cap-view-default) .elementor-drop-cap-letter{width:1em;height:1em}.elementor-widget-text-editor .elementor-drop-cap{float:left;text-align:center;line-height:1;font-size:50px}.elementor-widget-text-editor .elementor-drop-cap-letter{display:inline-block}<\/style>\t\t\t\t<p>Nuo 1998 m. bendradarbiaujama su Pranc\u016bzijos \u012fmone &#8221;TECHNA&#8221;.<\/p><p><img decoding=\"async\" class=\"alignnone size-medium wp-image-1144\" src=\"https:\/\/biofabrikas.lt\/wp-content\/uploads\/2020\/02\/techna-naujas-logo-300x126.jpg\" alt=\"\" width=\"300\" height=\"126\" srcset=\"https:\/\/biofabrikas.lt\/wp-content\/uploads\/2020\/02\/techna-naujas-logo-300x126.jpg 300w, https:\/\/biofabrikas.lt\/wp-content\/uploads\/2020\/02\/techna-naujas-logo-600x252.jpg 600w, https:\/\/biofabrikas.lt\/wp-content\/uploads\/2020\/02\/techna-naujas-logo.jpg 714w\" sizes=\"(max-width: 300px) 100vw, 300px\" \/><\/p><p>Mariaus Steponavi\u010diaus &#8211; Pauk\u0161\u010di\u0173 \u016bkis<\/p><p><a href=\"http:\/\/www.vistaites.lt\/\"><img fetchpriority=\"high\" decoding=\"async\" class=\"alignnone size-medium wp-image-1084\" src=\"https:\/\/biofabrikas.lt\/wp-content\/uploads\/2020\/02\/Mariaus-steponaviciaus-ukis-300x201.jpg\" alt=\"\" width=\"300\" height=\"201\" srcset=\"https:\/\/biofabrikas.lt\/wp-content\/uploads\/2020\/02\/Mariaus-steponaviciaus-ukis-300x201.jpg 300w, https:\/\/biofabrikas.lt\/wp-content\/uploads\/2020\/02\/Mariaus-steponaviciaus-ukis.jpg 600w\" sizes=\"(max-width: 300px) 100vw, 300px\" \/><\/a><img decoding=\"async\" src=\"http:\/\/www.vistaites.lt\" alt=\"\" \/><\/p><p>Prekybos tinklai:<\/p><p><a href=\"http:\/\/www.ukzinios.lt\"><img decoding=\"async\" src=\"..\/..\/upload\/editor\/Ukmerg\u0117s naujien\u0173 tinklapis Ukzinios.lt.jpg\" alt=\"\" \/><\/a><img decoding=\"async\" class=\"alignnone size-full wp-image-1394\" src=\"https:\/\/biofabrikas.lt\/wp-content\/uploads\/2020\/02\/iki-1.gif\" alt=\"\" width=\"88\" height=\"65\" \/><\/p>\t\t\t\t\t\t<\/div>\n\t\t\t\t<\/div>\n\t\t\t\t\t<\/div>\n\t\t\t\t<\/div>\n\t\t\t\t<\/div>\n\t\t","protected":false},"excerpt":{"rendered":"<p>Nuo 1998 m. bendradarbiaujama su Pranc\u016bzijos \u012fmone &#8221;TECHNA&#8221;. Mariaus Steponavi\u010diaus &#8211; Pauk\u0161\u010di\u0173 \u016bkis Prekybos tinklai:<\/p>\n","protected":false},"author":1,"featured_media":0,"parent":0,"menu_order":15,"comment_status":"closed","ping_status":"closed","template":"","meta":{"footnotes":""},"_links":{"self":[{"href":"https:\/\/biofabrikas.lt\/sv\/wp-json\/wp\/v2\/pages\/737"}],"collection":[{"href":"https:\/\/biofabrikas.lt\/sv\/wp-json\/wp\/v2\/pages"}],"about":[{"href":"https:\/\/biofabrikas.lt\/sv\/wp-json\/wp\/v2\/types\/page"}],"author":[{"embeddable":true,"href":"https:\/\/biofabrikas.lt\/sv\/wp-json\/wp\/v2\/users\/1"}],"replies":[{"embeddable":true,"href":"https:\/\/biofabrikas.lt\/sv\/wp-json\/wp\/v2\/comments?post=737"}],"version-history":[{"count":10,"href":"https:\/\/biofabrikas.lt\/sv\/wp-json\/wp\/v2\/pages\/737\/revisions"}],"predecessor-version":[{"id":2047,"href":"https:\/\/biofabrikas.lt\/sv\/wp-json\/wp\/v2\/pages\/737\/revisions\/2047"}],"wp:attachment":[{"href":"https:\/\/biofabrikas.lt\/sv\/wp-json\/wp\/v2\/media?parent=737"}],"curies":[{"name":"wp","href":"https:\/\/api.w.org\/{rel}","templated":true}]}}